{"id":6667,"date":"2022-05-10T14:49:55","date_gmt":"2022-05-10T14:49:55","guid":{"rendered":"https:\/\/outlet-tours.com\/?post_type=product&#038;p=6667"},"modified":"2025-05-26T00:08:25","modified_gmt":"2025-05-26T00:08:25","slug":"certified-diving-cozumel","status":"publish","type":"product","link":"https:\/\/capatoursrespaldo.estrategas.link\/es\/producto\/certified-diving-cozumel\/","title":{"rendered":"Tour de Buceo Certificado en Cozumel"},"content":{"rendered":"<p>Cozumel es un destino tur\u00edstico, y su ubicaci\u00f3n en la segunda barrera arrecifal m\u00e1s grande del mundo la convierte en un verdadero para\u00edso para el buceo. Es un lugar tranquilo y f\u00e1cil de recorrer, repleto de experiencias inolvidables. Los visitantes pueden disfrutar de las playas, el buceo y el snorkeling, y de las maravillas naturales de la isla. El pueblo principal de la isla es San Miguel de Cozumel. Es la isla m\u00e1s visitada por cruceros. Sin duda, es la isla m\u00e1s grande de M\u00e9xico.<\/p>\n<p><span style=\"vertical-align: inherit;\"><span style=\"vertical-align: inherit;\">BUCEO CERTIFICADO COZUMEL<\/span><\/span><\/p>\n<p><span style=\"vertical-align: inherit;\"><span style=\"vertical-align: inherit;\">INCLUYE:<\/span><\/span><\/p>\n<p><span style=\"vertical-align: inherit;\"><span style=\"vertical-align: inherit;\">-Transporte redondo RECOJO 7:00 \u2013 8:00 a.m. <\/span><\/span><br \/>\n<span style=\"vertical-align: inherit;\"><span style=\"vertical-align: inherit;\">-Traves\u00eda en Ferry de Playa del Carmen a Cozumel. <\/span><span style=\"vertical-align: inherit;\">(IDA Y VUELTA) <\/span><\/span><br \/>\n<span style=\"vertical-align: inherit;\"><span style=\"vertical-align: inherit;\">-Comida un plato a elegir en el restaurante. <\/span><span style=\"vertical-align: inherit;\">.(Varias opciones)<\/span><\/span><\/p>\n<p><span style=\"vertical-align: inherit;\"><span style=\"vertical-align: inherit;\">OPCI\u00d3N 2 BUCEO CERTIFICADO: <\/span><\/span><br \/>\n<span style=\"vertical-align: inherit;\"><span style=\"vertical-align: inherit;\">2 Tanques en arrecifes profundidad m\u00e1xima 30 metros duraci\u00f3n aproximada 3 horas 1\u20442.<\/span><\/span><\/p>\n<p><span style=\"vertical-align: inherit;\"><span style=\"vertical-align: inherit;\">Incluye Renta <\/span><\/span><br \/>\n<span style=\"vertical-align: inherit;\"><span style=\"vertical-align: inherit;\">de equipo: Mascara, regulador, tanque, aletas <\/span><\/span><br \/>\n<span style=\"vertical-align: inherit;\"><span style=\"vertical-align: inherit;\">\u2013 Men\u00fa de comida elige varias opciones men\u00fa base pollo y <\/span><\/span><br \/>\n<span style=\"vertical-align: inherit;\"><span style=\"vertical-align: inherit;\">pescado, agua, cervezas y refrescos <\/span><\/span><br \/>\n<span style=\"vertical-align: inherit;\"><span style=\"vertical-align: inherit;\">-Tiempo libre en Cozumel para conocer el centro y sus alrededores de la Isla.<\/span><\/span><\/p>\n<p><span style=\"vertical-align: inherit;\"><span style=\"vertical-align: inherit;\">NO INCLUYE <\/span><\/span><br \/>\n<span style=\"vertical-align: inherit;\"><span style=\"vertical-align: inherit;\">X actividades adicionales <\/span><\/span><br \/>\n<span style=\"vertical-align: inherit;\"><span style=\"vertical-align: inherit;\">X Propinas <\/span><\/span><br \/>\n<span style=\"vertical-align: inherit;\"><span style=\"vertical-align: inherit;\">X Buceo certificado no incluye renta de neopreno.<\/span><\/span><\/p>\n<p><span style=\"vertical-align: inherit;\"><span style=\"vertical-align: inherit;\">-El Tour puede ser modificado por condiciones clim\u00e1ticas para seguridad de nuestros clientes.<\/span><\/span><\/p>\n<p><span style=\"vertical-align: inherit;\"><span style=\"vertical-align: inherit;\">IMPUESTO DE PRIMAVERA 12 USD<\/span><\/span><\/p>","protected":false},"excerpt":{"rendered":"<p><span style=\"vertical-align: inherit;\"><span style=\"vertical-align: inherit;\">Cozumel es un destino tur\u00edstico, y su ubicaci\u00f3n en la segunda barrera arrecifal m\u00e1s grande del mundo la convierte en un verdadero para\u00edso para el buceo. Es un lugar tranquilo y f\u00e1cil de recorrer, repleto de experiencias inolvidables. Los visitantes pueden disfrutar de las playas, el buceo y el snorkeling, y de las maravillas naturales de la isla. El pueblo principal de la isla es San Miguel de Cozumel. Es la isla m\u00e1s visitada por cruceros. Sin duda, es la isla m\u00e1s grande de M\u00e9xico.\u00a0<\/span><\/span><\/p>\n<p><span style=\"vertical-align: inherit;\"><span style=\"vertical-align: inherit;\">Incluye:<\/span><\/span><\/p>\n<p><span style=\"vertical-align: inherit;\"><span style=\"vertical-align: inherit;\">&#8211; <strong>Transporte de ida y vuelta<\/strong>\u00a0 Recogida 7:00 \u2013 8:00 AM <\/span><\/span><br \/>\n<span style=\"vertical-align: inherit;\"><span style=\"vertical-align: inherit;\">&#8211; <strong>Ferry Playa del Carmen \u2013 Cozumel<\/strong>. <\/span><span style=\"vertical-align: inherit;\">(Ida y vuelta)<\/span><\/span><br \/>\n<span style=\"vertical-align: inherit;\"><span style=\"vertical-align: inherit;\">&#8211;<strong>Almuerzo en un restaurante<\/strong>. <\/span><span style=\"vertical-align: inherit;\">(Varias opciones)<\/span><\/span><\/p>\n<p><em><strong><span style=\"vertical-align: inherit;\"><span style=\"vertical-align: inherit;\">Certificar buceo: <\/span><\/span><\/strong><\/em><br \/>\n<span style=\"vertical-align: inherit;\"><span style=\"vertical-align: inherit;\">2 Tanques 2 arrecifes 30m de profundidad aprox 3 horas y media.<\/span><\/span><\/p>\n<p><span style=\"vertical-align: inherit;\"><span style=\"vertical-align: inherit;\">Incluye Alquiler de equipo<\/span><\/span><br \/>\n<span style=\"vertical-align: inherit;\"><span style=\"vertical-align: inherit;\">M\u00e1scara, chaleco compensador, tanque, aletas\u00a0<\/span><\/span><br \/>\n<span style=\"vertical-align: inherit;\"><span style=\"vertical-align: inherit;\">Men\u00fa del almuerzo. Elija entre varias opciones de pollo y pescado, agua, cerveza y refrescos. Tiempo libre en Cozumel para explorar el centro y los alrededores de la isla.<\/span><\/span><\/p>","protected":false},"featured_media":6747,"comment_status":"open","ping_status":"closed","template":"","meta":{"_surecart_dashboard_logo_width":"180px","_surecart_dashboard_show_logo":true,"_surecart_dashboard_navigation_orders":true,"_surecart_dashboard_navigation_invoices":true,"_surecart_dashboard_navigation_subscriptions":true,"_surecart_dashboard_navigation_downloads":true,"_surecart_dashboard_navigation_billing":true,"_surecart_dashboard_navigation_account":true,"site-sidebar-layout":"default","site-content-layout":"default","ast-site-content-layout":"default","site-content-style":"default","site-sidebar-style":"default","ast-global-header-display":"","ast-banner-title-visibility":"","ast-main-header-display":"","ast-hfb-above-header-display":"","ast-hfb-below-header-display":"","ast-hfb-mobile-header-display":"","site-post-title":"","ast-breadcrumbs-content":"","ast-featured-img":"","footer-sml-layout":"","theme-transparent-header-meta":"default","adv-header-id-meta":"","stick-header-meta":"","header-above-stick-meta":"","header-main-stick-meta":"","header-below-stick-meta":"","astra-migrate-meta-layouts":"set","ast-page-background-enabled":"default","ast-page-background-meta":{"desktop":{"background-color":"var(--ast-global-color-4)","background-image":"","background-repeat":"repeat","background-position":"center center","background-size":"auto","background-attachment":"scroll","background-type":"","background-media":"","overlay-type":"","overlay-color":"","overlay-opacity":"","overlay-gradient":""},"tablet":{"background-color":"","background-image":"","background-repeat":"repeat","background-position":"center center","background-size":"auto","background-attachment":"scroll","background-type":"","background-media":"","overlay-type":"","overlay-color":"","overlay-opacity":"","overlay-gradient":""},"mobile":{"background-color":"","background-image":"","background-repeat":"repeat","background-position":"center center","background-size":"auto","background-attachment":"scroll","background-type":"","background-media":"","overlay-type":"","overlay-color":"","overlay-opacity":"","overlay-gradient":""}},"ast-content-background-meta":{"desktop":{"background-color":"var(--ast-global-color-5)","background-image":"","background-repeat":"repeat","background-position":"center center","background-size":"auto","background-attachment":"scroll","background-type":"","background-media":"","overlay-type":"","overlay-color":"","overlay-opacity":"","overlay-gradient":""},"tablet":{"background-color":"var(--ast-global-color-5)","background-image":"","background-repeat":"repeat","background-position":"center center","background-size":"auto","background-attachment":"scroll","background-type":"","background-media":"","overlay-type":"","overlay-color":"","overlay-opacity":"","overlay-gradient":""},"mobile":{"background-color":"var(--ast-global-color-5)","background-image":"","background-repeat":"repeat","background-position":"center center","background-size":"auto","background-attachment":"scroll","background-type":"","background-media":"","overlay-type":"","overlay-color":"","overlay-opacity":"","overlay-gradient":""}}},"product_brand":[],"product_cat":[38,39,42,33,41,40,32],"product_tag":[],"class_list":{"0":"post-6667","1":"product","2":"type-product","3":"status-publish","4":"has-post-thumbnail","6":"product_cat-aqs","7":"product_cat-cun","8":"product_cat-czm","9":"product_cat-extreme","10":"product_cat-pdc","11":"product_cat-rm","12":"product_cat-sightseeing","13":"desktop-align-left","14":"tablet-align-left","15":"mobile-align-left","17":"first","18":"instock","19":"sale","20":"featured","21":"taxable","22":"shipping-taxable","23":"product-type-grouped"},"_links":{"self":[{"href":"https:\/\/capatoursrespaldo.estrategas.link\/es\/wp-json\/wp\/v2\/product\/6667","targetHints":{"allow":["GET"]}}],"collection":[{"href":"https:\/\/capatoursrespaldo.estrategas.link\/es\/wp-json\/wp\/v2\/product"}],"about":[{"href":"https:\/\/capatoursrespaldo.estrategas.link\/es\/wp-json\/wp\/v2\/types\/product"}],"replies":[{"embeddable":true,"href":"https:\/\/capatoursrespaldo.estrategas.link\/es\/wp-json\/wp\/v2\/comments?post=6667"}],"wp:featuredmedia":[{"embeddable":true,"href":"https:\/\/capatoursrespaldo.estrategas.link\/es\/wp-json\/wp\/v2\/media\/6747"}],"wp:attachment":[{"href":"https:\/\/capatoursrespaldo.estrategas.link\/es\/wp-json\/wp\/v2\/media?parent=6667"}],"wp:term":[{"taxonomy":"product_brand","embeddable":true,"href":"https:\/\/capatoursrespaldo.estrategas.link\/es\/wp-json\/wp\/v2\/product_brand?post=6667"},{"taxonomy":"product_cat","embeddable":true,"href":"https:\/\/capatoursrespaldo.estrategas.link\/es\/wp-json\/wp\/v2\/product_cat?post=6667"},{"taxonomy":"product_tag","embeddable":true,"href":"https:\/\/capatoursrespaldo.estrategas.link\/es\/wp-json\/wp\/v2\/product_tag?post=6667"}],"curies":[{"name":"wp","href":"https:\/\/api.w.org\/{rel}","templated":true}]}}