{"id":6680,"date":"2022-05-10T15:44:23","date_gmt":"2022-05-10T15:44:23","guid":{"rendered":"https:\/\/outlet-tours.com\/?post_type=product&#038;p=6680"},"modified":"2022-06-14T03:45:56","modified_gmt":"2022-06-14T03:45:56","slug":"clear-boat","status":"publish","type":"product","link":"https:\/\/capatoursrespaldo.estrategas.link\/es\/producto\/clear-boat\/","title":{"rendered":"Cozumel Clear Boat Tour"},"content":{"rendered":"<p>Cozumel tiene que ver con los turistas y el hecho de que es parte de la segunda barrera de arrecifes m\u00e1s grande del mundo. Es f\u00e1cil moverse por un lugar tranquilo. Lleno de experiencias valiosas. Los visitantes pueden beneficiarse de las maravillas naturales de las playas, el buceo y el esn\u00f3rquel de la isla. La ciudad principal de la isla es San Miguel de Cozumel. Es la Isla m\u00e1s visitada por Cruceros. Sin duda es la isla m\u00e1s grande de M\u00e9xico.<\/p>\n<p>BARCO CLARO<\/p>\n<p>INCLUYE:<br \/>\nTransporte redondo Recogida en el hotel. 7:00-8:00 a. m.<\/p>\n<p>Traves\u00eda en ferry de Playa del Carmen a Cozumel.(redondo)<\/p>\n<p>\u2013 Paseo en EL \u00daNICO BARCO TRANSPARENTE DEL DESTINO<br \/>\nSnorkel en Cozumel<\/p>\n<p>Snorkel en los arrecifes<br \/>\n\u2013 Visita barcos hundidos<br \/>\n\u2013 Snorkel en arrecife villa blanca<\/p>\n<p>\u2013 Aguas<br \/>\n- Refresco<\/p>\n<p>\u2013 Chalecos<br \/>\n\u2013 Espectadores<br \/>\n\u2013 Aletas<br \/>\n\u2013 NUEVO tubo de esn\u00f3rquel<\/p>\n<p>-Comida un plato a elegir en el restaurante<br \/>\nTiempo libre para comer y conocer el centro de Cozumel y los alrededores de la isla.<\/p>\n<p>\u2013 El itinerario puede ser modificado sin previo aviso por condiciones clim\u00e1ticas o restricciones de las autoridades por el COVID<\/p>","protected":false},"excerpt":{"rendered":"<p>BARCO CLARO<\/p>\n<p>INCLUYE:<br \/>\nTransporte redondo Recogida en el hotel. 7:00-8:00 a. m.<\/p>\n<p>Traves\u00eda en ferry de Playa del Carmen a Cozumel.(redondo)<\/p>\n<p>\u2013 Paseo en EL \u00daNICO BARCO TRANSPARENTE DEL DESTINO<br \/>\nSnorkel en Cozumel<\/p>\n<p>Snorkel en los arrecifes<br \/>\n\u2013 Visita barcos hundidos<br \/>\n\u2013 Snorkel en arrecife villa blanca<\/p>\n<p>\u2013 Aguas<br \/>\n- Refresco<\/p>\n<p>\u2013 Chalecos<br \/>\n\u2013 Espectadores<br \/>\n\u2013 Aletas<br \/>\n\u2013 NUEVO tubo de esn\u00f3rquel<\/p>\n<p>-Comida un plato a elegir en el restaurante<br \/>\nTiempo libre para comer y conocer el centro de Cozumel y los alrededores de la isla.<\/p>","protected":false},"featured_media":6710,"comment_status":"open","ping_status":"closed","template":"","meta":{"_surecart_dashboard_logo_width":"180px","_surecart_dashboard_show_logo":true,"_surecart_dashboard_navigation_orders":true,"_surecart_dashboard_navigation_invoices":true,"_surecart_dashboard_navigation_subscriptions":true,"_surecart_dashboard_navigation_downloads":true,"_surecart_dashboard_navigation_billing":true,"_surecart_dashboard_navigation_account":true,"site-sidebar-layout":"default","site-content-layout":"default","ast-site-content-layout":"default","site-content-style":"default","site-sidebar-style":"default","ast-global-header-display":"","ast-banner-title-visibility":"","ast-main-header-display":"","ast-hfb-above-header-display":"","ast-hfb-below-header-display":"","ast-hfb-mobile-header-display":"","site-post-title":"","ast-breadcrumbs-content":"","ast-featured-img":"","footer-sml-layout":"","theme-transparent-header-meta":"default","adv-header-id-meta":"","stick-header-meta":"","header-above-stick-meta":"","header-main-stick-meta":"","header-below-stick-meta":"","astra-migrate-meta-layouts":"default","ast-page-background-enabled":"default","ast-page-background-meta":{"desktop":{"background-color":"var(--ast-global-color-4)","background-image":"","background-repeat":"repeat","background-position":"center center","background-size":"auto","background-attachment":"scroll","background-type":"","background-media":"","overlay-type":"","overlay-color":"","overlay-opacity":"","overlay-gradient":""},"tablet":{"background-color":"","background-image":"","background-repeat":"repeat","background-position":"center center","background-size":"auto","background-attachment":"scroll","background-type":"","background-media":"","overlay-type":"","overlay-color":"","overlay-opacity":"","overlay-gradient":""},"mobile":{"background-color":"","background-image":"","background-repeat":"repeat","background-position":"center center","background-size":"auto","background-attachment":"scroll","background-type":"","background-media":"","overlay-type":"","overlay-color":"","overlay-opacity":"","overlay-gradient":""}},"ast-content-background-meta":{"desktop":{"background-color":"var(--ast-global-color-5)","background-image":"","background-repeat":"repeat","background-position":"center center","background-size":"auto","background-attachment":"scroll","background-type":"","background-media":"","overlay-type":"","overlay-color":"","overlay-opacity":"","overlay-gradient":""},"tablet":{"background-color":"var(--ast-global-color-5)","background-image":"","background-repeat":"repeat","background-position":"center center","background-size":"auto","background-attachment":"scroll","background-type":"","background-media":"","overlay-type":"","overlay-color":"","overlay-opacity":"","overlay-gradient":""},"mobile":{"background-color":"var(--ast-global-color-5)","background-image":"","background-repeat":"repeat","background-position":"center center","background-size":"auto","background-attachment":"scroll","background-type":"","background-media":"","overlay-type":"","overlay-color":"","overlay-opacity":"","overlay-gradient":""}}},"product_brand":[],"product_cat":[38,39,42,45,34,41,40,32],"product_tag":[],"class_list":{"0":"post-6680","1":"product","2":"type-product","3":"status-publish","4":"has-post-thumbnail","6":"product_cat-aqs","7":"product_cat-cun","8":"product_cat-czm","9":"product_cat-ecoturism-cenotes","10":"product_cat-family","11":"product_cat-pdc","12":"product_cat-rm","13":"product_cat-sightseeing","14":"desktop-align-left","15":"tablet-align-left","16":"mobile-align-left","18":"first","19":"instock","20":"featured","21":"taxable","22":"shipping-taxable","23":"product-type-grouped"},"_links":{"self":[{"href":"https:\/\/capatoursrespaldo.estrategas.link\/es\/wp-json\/wp\/v2\/product\/6680","targetHints":{"allow":["GET"]}}],"collection":[{"href":"https:\/\/capatoursrespaldo.estrategas.link\/es\/wp-json\/wp\/v2\/product"}],"about":[{"href":"https:\/\/capatoursrespaldo.estrategas.link\/es\/wp-json\/wp\/v2\/types\/product"}],"replies":[{"embeddable":true,"href":"https:\/\/capatoursrespaldo.estrategas.link\/es\/wp-json\/wp\/v2\/comments?post=6680"}],"wp:featuredmedia":[{"embeddable":true,"href":"https:\/\/capatoursrespaldo.estrategas.link\/es\/wp-json\/wp\/v2\/media\/6710"}],"wp:attachment":[{"href":"https:\/\/capatoursrespaldo.estrategas.link\/es\/wp-json\/wp\/v2\/media?parent=6680"}],"wp:term":[{"taxonomy":"product_brand","embeddable":true,"href":"https:\/\/capatoursrespaldo.estrategas.link\/es\/wp-json\/wp\/v2\/product_brand?post=6680"},{"taxonomy":"product_cat","embeddable":true,"href":"https:\/\/capatoursrespaldo.estrategas.link\/es\/wp-json\/wp\/v2\/product_cat?post=6680"},{"taxonomy":"product_tag","embeddable":true,"href":"https:\/\/capatoursrespaldo.estrategas.link\/es\/wp-json\/wp\/v2\/product_tag?post=6680"}],"curies":[{"name":"wp","href":"https:\/\/api.w.org\/{rel}","templated":true}]}}