{"id":7113,"date":"2022-05-16T19:48:10","date_gmt":"2022-05-16T19:48:10","guid":{"rendered":"https:\/\/outlet-tours.com\/?post_type=product&#038;p=7113"},"modified":"2025-05-25T23:24:41","modified_gmt":"2025-05-25T23:24:41","slug":"4x1-vip-tour-tulum-coba-cenote-playa-del-carmen","status":"publish","type":"product","link":"https:\/\/capatoursrespaldo.estrategas.link\/es\/producto\/4x1-vip-tour-tulum-coba-cenote-playa-del-carmen\/","title":{"rendered":"Tour VIP 4\u00d71 | Tulum, Cob\u00e1, Cenote y Playa del Carmen"},"content":{"rendered":"<p>Tour VIP 4\u00d71 | Tulum, Cob\u00e1, Cenote y Playa del Carmen por 13Baktun Tours<br \/>\nAdultos: $129.90 usd | Ni\u00f1os: $109.90 usd<br \/>\nEste tour ofrece una experiencia \u00fanica llev\u00e1ndote a dos sitios arqueol\u00f3gicos diferentes llenos de magia y tradiciones. Otro lugar espectacular que conoceremos en esta actividad es el Cenote Tankach Ha para finalizar nuestra aventura con una visita al fant\u00e1stico pueblo de Playa del Carmen.<\/p>\n<p>Contamos con diferentes puntos de partida para este tour, Canc\u00fan, Puerto Morelos y Playa del Carmen. Como punto de partida de nuestro itinerario, visitaremos el m\u00edstico sitio arqueol\u00f3gico de Tulum. Llegaremos a este lugar a las 10 am, teniendo una caminata guiada muy interesante por el antiguo lugar maya.<\/p>\n<p>Justo despu\u00e9s tendremos una hora de tiempo libre para relajarnos, disfrutar de las vistas, hacer fotos, etc\u2026<\/p>\n<p>Para dirigirnos a nuestro pr\u00f3ximo destino debemos estar a bordo de nuestro transporte a las 12:15 pm, de esta manera llegaremos a Cob\u00e1 a la 1 pm. Antes de visitar esta zona arqueol\u00f3gica, nos detendremos en el restaurante para disfrutar de un exquisito buffet de comida regional. Al salir del restaurante, estaremos listos para disfrutar de nuestra caminata guiada por esta m\u00edstica zona maya teniendo la oportunidad de escalar caminando sobre la infraestructura antigua m\u00e1s alta de la pen\u00ednsula de Yucat\u00e1n llamada Nohoch Muul.<\/p>\n<p>Posteriormente visitaremos el hermoso Cenote Tankach Ha, una vez all\u00ed; disfrutaremos de la grandeza de este pozo de agua natural.<\/p>\n<p>Como destino final en nuestro recorrido, visitaremos el pueblo de Playa del Carmen; aqu\u00ed contar\u00e1s con una hora para dar un paseo por la 5ta avenida donde podr\u00e1s hacer algunas compras comprar algunos souvenirs o artesan\u00edas.<\/p>\n<p>Incluye<br \/>\n+Tour ida y vuelta a bordo de buses o camionetas panor\u00e1micas de lujo<br \/>\n+Acceso guiado y caminata a las zonas arqueol\u00f3gicas (Biling\u00fce) y cenote<br \/>\nBotellas de agua a bordo del transporte.<br \/>\n+Exquisito buffet t\u00edpico con la mejor y aut\u00e9ntica comida regional de Cob\u00e1<br \/>\n+Toallitas h\u00famedas al final de la caminata del sitio arqueol\u00f3gico<br \/>\nNo incluido:<br \/>\n+Bebidas en el restaurante<br \/>\n+Alquiler de bicicletas<br \/>\nObservaciones:<br \/>\n+Los sitios arqueol\u00f3gicos no cuentan con sillas de ruedas para minusv\u00e1lidos<br \/>\n+Los ni\u00f1os menores de 4 a\u00f1os y con una altura m\u00e1xima de 100 cm tienen entrada gratuita sin ocupar asiento y en compa\u00f1\u00eda de un adulto<br \/>\n+Mochilas no permitidas dentro de las \u00e1reas arqueol\u00f3gicas por normas oficiales del Instituto Nacional de Antropolog\u00eda e Historia (INAH)<br \/>\nD\u00edas de actividad: +Domingo, Martes y Jueves<\/p>","protected":false},"excerpt":{"rendered":"<p>Tour VIP 4\u00d71 | Tulum, Cob\u00e1, Cenote y Playa del Carmen por 13Baktun Tours<br \/>\nAdultos: $129.90 usd | Ni\u00f1os: $109.90 usd<br \/>\nEste tour ofrece una experiencia \u00fanica llev\u00e1ndote a dos sitios arqueol\u00f3gicos diferentes llenos de magia y tradiciones. Otro lugar espectacular que conoceremos en esta actividad es el Cenote Tankach Ha para finalizar nuestra aventura con una visita al fant\u00e1stico pueblo de Playa del Carmen.<\/p>\n<p>Contamos con diferentes puntos de partida para este tour, Canc\u00fan, Puerto Morelos y Playa del Carmen. Como punto de partida de nuestro itinerario, visitaremos el m\u00edstico sitio arqueol\u00f3gico de Tulum. Llegaremos a este lugar a las 10 am, teniendo una caminata guiada muy interesante por el antiguo lugar maya.<\/p>\n<p>Justo despu\u00e9s tendremos una hora de tiempo libre para relajarnos, disfrutar de las vistas, hacer fotos, etc\u2026<\/p>\n<p>Para dirigirnos a nuestro pr\u00f3ximo destino debemos estar a bordo de nuestro transporte a las 12:15 pm, de esta manera llegaremos a Cob\u00e1 a la 1 pm. Antes de visitar esta zona arqueol\u00f3gica, nos detendremos en el restaurante para disfrutar de un exquisito buffet de comida regional. Al salir del restaurante, estaremos listos para disfrutar de nuestra caminata guiada por esta m\u00edstica zona maya teniendo la oportunidad de escalar caminando sobre la infraestructura antigua m\u00e1s alta de la pen\u00ednsula de Yucat\u00e1n llamada Nohoch Muul.<\/p>\n<p>Posteriormente visitaremos el hermoso Cenote Tankach Ha, una vez all\u00ed; disfrutaremos de la grandeza de este pozo de agua natural.<\/p>\n<p>Como destino final en nuestro recorrido, visitaremos el pueblo de Playa del Carmen; aqu\u00ed contar\u00e1s con una hora para dar un paseo por la 5ta avenida donde podr\u00e1s hacer algunas compras comprar algunos souvenirs o artesan\u00edas.<\/p>\n<table style=\"border-collapse: collapse;width: 389px;height: 108px\" border=\"0\" width=\"160\" cellspacing=\"0\" cellpadding=\"0\">\n<tbody>\n<tr style=\"height: 15.0pt\">\n<td style=\"height: 15.0pt;width: 60pt\" width=\"80\" height=\"20\"><img fetchpriority=\"high\" decoding=\"async\" class=\"alignnone size-medium wp-image-4165\" src=\"https:\/\/capatoursrespaldo.estrategas.link\/wp-content\/uploads\/2021\/12\/1-Imagen1.1.4-300x174.png\" alt=\"\" width=\"300\" height=\"174\" \/><\/td>\n<td style=\"width: 60pt\" width=\"80\">\n<h4>11 d\u00f3lares cada uno<\/h4>\n<\/td>\n<\/tr>\n<\/tbody>\n<\/table>\n<p>&nbsp;<\/p>","protected":false},"featured_media":7453,"comment_status":"open","ping_status":"closed","template":"","meta":{"_surecart_dashboard_logo_width":"180px","_surecart_dashboard_show_logo":true,"_surecart_dashboard_navigation_orders":true,"_surecart_dashboard_navigation_invoices":true,"_surecart_dashboard_navigation_subscriptions":true,"_surecart_dashboard_navigation_downloads":true,"_surecart_dashboard_navigation_billing":true,"_surecart_dashboard_navigation_account":true,"site-sidebar-layout":"default","site-content-layout":"default","ast-site-content-layout":"default","site-content-style":"default","site-sidebar-style":"default","ast-global-header-display":"","ast-banner-title-visibility":"","ast-main-header-display":"","ast-hfb-above-header-display":"","ast-hfb-below-header-display":"","ast-hfb-mobile-header-display":"","site-post-title":"","ast-breadcrumbs-content":"","ast-featured-img":"","footer-sml-layout":"","theme-transparent-header-meta":"default","adv-header-id-meta":"","stick-header-meta":"","header-above-stick-meta":"","header-main-stick-meta":"","header-below-stick-meta":"","astra-migrate-meta-layouts":"default","ast-page-background-enabled":"default","ast-page-background-meta":{"desktop":{"background-color":"var(--ast-global-color-4)","background-image":"","background-repeat":"repeat","background-position":"center center","background-size":"auto","background-attachment":"scroll","background-type":"","background-media":"","overlay-type":"","overlay-color":"","overlay-opacity":"","overlay-gradient":""},"tablet":{"background-color":"","background-image":"","background-repeat":"repeat","background-position":"center center","background-size":"auto","background-attachment":"scroll","background-type":"","background-media":"","overlay-type":"","overlay-color":"","overlay-opacity":"","overlay-gradient":""},"mobile":{"background-color":"","background-image":"","background-repeat":"repeat","background-position":"center center","background-size":"auto","background-attachment":"scroll","background-type":"","background-media":"","overlay-type":"","overlay-color":"","overlay-opacity":"","overlay-gradient":""}},"ast-content-background-meta":{"desktop":{"background-color":"var(--ast-global-color-5)","background-image":"","background-repeat":"repeat","background-position":"center center","background-size":"auto","background-attachment":"scroll","background-type":"","background-media":"","overlay-type":"","overlay-color":"","overlay-opacity":"","overlay-gradient":""},"tablet":{"background-color":"var(--ast-global-color-5)","background-image":"","background-repeat":"repeat","background-position":"center center","background-size":"auto","background-attachment":"scroll","background-type":"","background-media":"","overlay-type":"","overlay-color":"","overlay-opacity":"","overlay-gradient":""},"mobile":{"background-color":"var(--ast-global-color-5)","background-image":"","background-repeat":"repeat","background-position":"center center","background-size":"auto","background-attachment":"scroll","background-type":"","background-media":"","overlay-type":"","overlay-color":"","overlay-opacity":"","overlay-gradient":""}}},"product_brand":[],"product_cat":[43,38,39,45,34,41,40,32],"product_tag":[],"class_list":{"0":"post-7113","1":"product","2":"type-product","3":"status-publish","4":"has-post-thumbnail","6":"product_cat-achaeological-tours","7":"product_cat-aqs","8":"product_cat-cun","9":"product_cat-ecoturism-cenotes","10":"product_cat-family","11":"product_cat-pdc","12":"product_cat-rm","13":"product_cat-sightseeing","14":"desktop-align-left","15":"tablet-align-left","16":"mobile-align-left","18":"first","19":"instock","20":"sale","21":"featured","22":"taxable","23":"shipping-taxable","24":"product-type-grouped"},"_links":{"self":[{"href":"https:\/\/capatoursrespaldo.estrategas.link\/es\/wp-json\/wp\/v2\/product\/7113","targetHints":{"allow":["GET"]}}],"collection":[{"href":"https:\/\/capatoursrespaldo.estrategas.link\/es\/wp-json\/wp\/v2\/product"}],"about":[{"href":"https:\/\/capatoursrespaldo.estrategas.link\/es\/wp-json\/wp\/v2\/types\/product"}],"replies":[{"embeddable":true,"href":"https:\/\/capatoursrespaldo.estrategas.link\/es\/wp-json\/wp\/v2\/comments?post=7113"}],"wp:featuredmedia":[{"embeddable":true,"href":"https:\/\/capatoursrespaldo.estrategas.link\/es\/wp-json\/wp\/v2\/media\/7453"}],"wp:attachment":[{"href":"https:\/\/capatoursrespaldo.estrategas.link\/es\/wp-json\/wp\/v2\/media?parent=7113"}],"wp:term":[{"taxonomy":"product_brand","embeddable":true,"href":"https:\/\/capatoursrespaldo.estrategas.link\/es\/wp-json\/wp\/v2\/product_brand?post=7113"},{"taxonomy":"product_cat","embeddable":true,"href":"https:\/\/capatoursrespaldo.estrategas.link\/es\/wp-json\/wp\/v2\/product_cat?post=7113"},{"taxonomy":"product_tag","embeddable":true,"href":"https:\/\/capatoursrespaldo.estrategas.link\/es\/wp-json\/wp\/v2\/product_tag?post=7113"}],"curies":[{"name":"wp","href":"https:\/\/api.w.org\/{rel}","templated":true}]}}