{"id":7132,"date":"2022-05-16T20:14:30","date_gmt":"2022-05-16T20:14:30","guid":{"rendered":"https:\/\/outlet-tours.com\/?post_type=product&#038;p=7132"},"modified":"2025-05-25T23:23:45","modified_gmt":"2025-05-25T23:23:45","slug":"holbox-ferry-punta-mosquito","status":"publish","type":"product","link":"https:\/\/capatoursrespaldo.estrategas.link\/es\/producto\/holbox-ferry-punta-mosquito\/","title":{"rendered":"Ferry HOLBOX Punta Mosquito Tour"},"content":{"rendered":"<p>Holbox es hogar de flamencos, pel\u00edcanos y otras aves de gran riqueza. La isla de Holbox forma parte de la Reserva de la Biosfera Yum Balam. Esta peque\u00f1a isla de pescadores es una industria tur\u00edstica en auge gracias al avistamiento de tiburones ballena. La langosta es el principal producto de esta pesca y muchos de los platillos de la isla se centran en ella u otros mariscos. En los \u00faltimos a\u00f1os, la hermosa playa virgen, los incre\u00edbles tours para observar tiburones ballena y la nueva industria hotelera ecol\u00f3gica han atra\u00eddo mucha atenci\u00f3n.<\/p>\n<p>Ferry HOLBOX Punta Mosquito<br \/>\nIncluye<br \/>\n+ Transporte ida y vuelta<br \/>\n+ Gu\u00eda Tur\u00edstico Biling\u00fce<br \/>\n+ Ferry ida y vuelta desde Chiquila<br \/>\n+ Carrito de golf compartido o una bicicleta individual (3 horas para visitar Holbox)<br \/>\n+ Visita Punta Mosquito 1 hora<br \/>\n+ Visita Punta Coco 1 hora<br \/>\nIncluye:<br \/>\n+ Almuerzo para llevar<br \/>\n+ 1 Bebida (refresco, cerveza o limonada)<\/p>\n<p>No incluido:<br \/>\n+ Cena<\/p>","protected":false},"excerpt":{"rendered":"<p>La Isla Holbox es una isla r\u00fastica de pescadores llena de zonas v\u00edrgenes y ex\u00f3tica fauna tropical. En los \u00faltimos a\u00f1os, ha atra\u00eddo mucha atenci\u00f3n gracias a su hermosa playa virgen, los incre\u00edbles tours para avistar tiburones ballena, la langosta y una creciente industria hotelera ecol\u00f3gica. No hay autos ni camiones; el transporte en la isla se realiza en motocicletas, bicicletas o carritos de golf.<\/p>\n<p>Ferry HOLBOX Punta Mosquito<br \/>\nIncluye<br \/>\n+ Transporte ida y vuelta<br \/>\n+ Gu\u00eda Tur\u00edstico Biling\u00fce<br \/>\n+ Ferry ida y vuelta desde Chiquila<br \/>\n+ Carrito de golf compartido o una bicicleta individual (3 horas para visitar Holbox)<br \/>\n+ Visita Punta Mosquito 1 hora<br \/>\n+ Visita Punta Coco 1 hora<br \/>\nIncluye:<br \/>\n+ Almuerzo para llevar<br \/>\n+ 1 Bebida (refresco, cerveza o limonada)<\/p>\n<p>No incluido:<br \/>\n+ Cena<\/p>\n<p><strong>Hora de inicio: 7:20 am<\/strong>Le informaremos la hora de recogida que es de acuerdo a la ubicaci\u00f3n de su hotel.<\/p>\n<p>Te recogeremos en tu Hotel (opcional) Te avisaremos.<\/p>\n<table style=\"border-collapse: collapse;width: 371px;height: 128px\" border=\"0\" width=\"160\" cellspacing=\"0\" cellpadding=\"0\">\n<tbody>\n<tr style=\"height: 15.0pt\">\n<td style=\"height: 15.0pt;width: 60pt\" width=\"80\" height=\"20\"><img fetchpriority=\"high\" decoding=\"async\" class=\"alignnone size-medium wp-image-4141\" src=\"https:\/\/capatoursrespaldo.estrategas.link\/wp-content\/uploads\/2021\/12\/1-Imagen1.5-300x170.png\" alt=\"\" width=\"300\" height=\"170\" \/><\/td>\n<td style=\"width: 60pt\" width=\"80\"><strong>40 USD POR CADA PERSONA<\/strong><\/td>\n<\/tr>\n<\/tbody>\n<\/table>","protected":false},"featured_media":7841,"comment_status":"open","ping_status":"closed","template":"","meta":{"_surecart_dashboard_logo_width":"180px","_surecart_dashboard_show_logo":true,"_surecart_dashboard_navigation_orders":true,"_surecart_dashboard_navigation_invoices":true,"_surecart_dashboard_navigation_subscriptions":true,"_surecart_dashboard_navigation_downloads":true,"_surecart_dashboard_navigation_billing":true,"_surecart_dashboard_navigation_account":true,"site-sidebar-layout":"default","site-content-layout":"default","ast-site-content-layout":"default","site-content-style":"default","site-sidebar-style":"default","ast-global-header-display":"","ast-banner-title-visibility":"","ast-main-header-display":"","ast-hfb-above-header-display":"","ast-hfb-below-header-display":"","ast-hfb-mobile-header-display":"","site-post-title":"","ast-breadcrumbs-content":"","ast-featured-img":"","footer-sml-layout":"","theme-transparent-header-meta":"default","adv-header-id-meta":"","stick-header-meta":"","header-above-stick-meta":"","header-main-stick-meta":"","header-below-stick-meta":"","astra-migrate-meta-layouts":"default","ast-page-background-enabled":"default","ast-page-background-meta":{"desktop":{"background-color":"var(--ast-global-color-4)","background-image":"","background-repeat":"repeat","background-position":"center center","background-size":"auto","background-attachment":"scroll","background-type":"","background-media":"","overlay-type":"","overlay-color":"","overlay-opacity":"","overlay-gradient":""},"tablet":{"background-color":"","background-image":"","background-repeat":"repeat","background-position":"center center","background-size":"auto","background-attachment":"scroll","background-type":"","background-media":"","overlay-type":"","overlay-color":"","overlay-opacity":"","overlay-gradient":""},"mobile":{"background-color":"","background-image":"","background-repeat":"repeat","background-position":"center center","background-size":"auto","background-attachment":"scroll","background-type":"","background-media":"","overlay-type":"","overlay-color":"","overlay-opacity":"","overlay-gradient":""}},"ast-content-background-meta":{"desktop":{"background-color":"var(--ast-global-color-5)","background-image":"","background-repeat":"repeat","background-position":"center center","background-size":"auto","background-attachment":"scroll","background-type":"","background-media":"","overlay-type":"","overlay-color":"","overlay-opacity":"","overlay-gradient":""},"tablet":{"background-color":"var(--ast-global-color-5)","background-image":"","background-repeat":"repeat","background-position":"center center","background-size":"auto","background-attachment":"scroll","background-type":"","background-media":"","overlay-type":"","overlay-color":"","overlay-opacity":"","overlay-gradient":""},"mobile":{"background-color":"var(--ast-global-color-5)","background-image":"","background-repeat":"repeat","background-position":"center center","background-size":"auto","background-attachment":"scroll","background-type":"","background-media":"","overlay-type":"","overlay-color":"","overlay-opacity":"","overlay-gradient":""}}},"product_brand":[],"product_cat":[38,39,45,34,41,32],"product_tag":[],"class_list":{"0":"post-7132","1":"product","2":"type-product","3":"status-publish","4":"has-post-thumbnail","6":"product_cat-aqs","7":"product_cat-cun","8":"product_cat-ecoturism-cenotes","9":"product_cat-family","10":"product_cat-pdc","11":"product_cat-sightseeing","12":"desktop-align-left","13":"tablet-align-left","14":"mobile-align-left","16":"first","17":"instock","18":"sale","19":"featured","20":"taxable","21":"shipping-taxable","22":"product-type-grouped"},"_links":{"self":[{"href":"https:\/\/capatoursrespaldo.estrategas.link\/es\/wp-json\/wp\/v2\/product\/7132","targetHints":{"allow":["GET"]}}],"collection":[{"href":"https:\/\/capatoursrespaldo.estrategas.link\/es\/wp-json\/wp\/v2\/product"}],"about":[{"href":"https:\/\/capatoursrespaldo.estrategas.link\/es\/wp-json\/wp\/v2\/types\/product"}],"replies":[{"embeddable":true,"href":"https:\/\/capatoursrespaldo.estrategas.link\/es\/wp-json\/wp\/v2\/comments?post=7132"}],"wp:featuredmedia":[{"embeddable":true,"href":"https:\/\/capatoursrespaldo.estrategas.link\/es\/wp-json\/wp\/v2\/media\/7841"}],"wp:attachment":[{"href":"https:\/\/capatoursrespaldo.estrategas.link\/es\/wp-json\/wp\/v2\/media?parent=7132"}],"wp:term":[{"taxonomy":"product_brand","embeddable":true,"href":"https:\/\/capatoursrespaldo.estrategas.link\/es\/wp-json\/wp\/v2\/product_brand?post=7132"},{"taxonomy":"product_cat","embeddable":true,"href":"https:\/\/capatoursrespaldo.estrategas.link\/es\/wp-json\/wp\/v2\/product_cat?post=7132"},{"taxonomy":"product_tag","embeddable":true,"href":"https:\/\/capatoursrespaldo.estrategas.link\/es\/wp-json\/wp\/v2\/product_tag?post=7132"}],"curies":[{"name":"wp","href":"https:\/\/api.w.org\/{rel}","templated":true}]}}