{"id":7919,"date":"2022-06-28T21:27:39","date_gmt":"2022-06-28T21:27:39","guid":{"rendered":"https:\/\/outlet-tours.com\/?post_type=product&#038;p=7919"},"modified":"2022-06-30T17:01:11","modified_gmt":"2022-06-30T17:01:11","slug":"chichen-itza-plus-tour-cancun-kids","status":"publish","type":"product","link":"https:\/\/capatoursrespaldo.estrategas.link\/es\/producto\/chichen-itza-plus-tour-cancun-kids\/","title":{"rendered":"Chich\u00e9n Itz\u00e1 Plus Tour Canc\u00fan Ni\u00f1os"},"content":{"rendered":"<h2 class=\"vc_custom_heading\">Qu\u00e9 puedes esperar<\/h2>\n<div class=\"wpb_text_column wpb_content_element\">\n<div class=\"wpb_wrapper\">\n<p>\u00a1No puedes visitar Canc\u00fan sin explorar Chich\u00e9n Itz\u00e1! Chich\u00e9n Itz\u00e1, una de las nuevas Siete Maravillas del Mundo, es un tour imprescindible a las ruinas mayas. Nuestro tour Chich\u00e9n Itz\u00e1 PLUS te lleva en una excursi\u00f3n de un d\u00eda sin estr\u00e9s desde Canc\u00fan con todo lo necesario para disfrutar de un d\u00eda perfecto en Yucat\u00e1n.<\/p>\n<p>Ser\u00e1s uno de los privilegiados al disfrutar de un recorrido y una visita sin multitudes en Chich\u00e9n Itz\u00e1. Podr\u00e1s disfrutar de una visita guiada con un experto biling\u00fce y aprender todo sobre esta incre\u00edble civilizaci\u00f3n y su impacto en el mundo. Descubrir\u00e1s rincones ocultos de Chich\u00e9n Itz\u00e1 que simplemente no ver\u00e1s en un tour tradicional. Una hora y media en el sitio.<\/p>\n<p>\u00a1El tour Chich\u00e9n Itz\u00e1 Plus incluye bebidas ilimitadas a bordo!<\/p>\n<p>Antes de conocer las ruinas mayas, haremos una visita de 45 minutos a la ciudad colonial de Valladolid (Pueblo M\u00e1gico de M\u00e9xico). Podr\u00e1s chapotear y refrescarte en el cenote Xcajum todo lo que desees y disfrutar de un delicioso almuerzo buffet con especialidades regionales.<\/p>\n<div class=\"vc_row wpb_row vc_inner vc_row-fluid\">\n<div class=\"wpb_column vc_column_container vc_col-sm-12\">\n<div class=\"vc_column-inner\">\n<div class=\"wpb_wrapper\">\n<div class=\"wpb_text_column wpb_content_element\">\n<div class=\"wpb_wrapper\">\n<h2>Incluye:<\/h2>\n<\/div>\n<\/div>\n<\/div>\n<\/div>\n<\/div>\n<\/div>\n<div class=\"vc_row wpb_row vc_inner vc_row-fluid md-row-tour-description-desk\">\n<div class=\"wpb_column vc_column_container vc_col-sm-6\">\n<div class=\"vc_column-inner\">\n<div class=\"wpb_wrapper\">\n<div class=\"wpb_text_column wpb_content_element\">\n<div class=\"wpb_wrapper\">\n<ul class=\"md-ul-white-fix\">\n<li>Tarifa de entrada a Chich\u00e9n Itz\u00e1<\/li>\n<li>Impuesto a Chich\u00e9n Itz\u00e1 (30 USD)<\/li>\n<li>Recogida en el hotel (traslado de ida y vuelta en furgoneta o autob\u00fas con aire acondicionado)<\/li>\n<li>Gu\u00eda biling\u00fce del INAH en la zona arqueol\u00f3gica<\/li>\n<li>Bebidas ilimitadas a bordo (refrescos, cerveza y agua)<\/li>\n<li>Camarero a bordo **<\/li>\n<li>Una hora y media en Chich\u00e9n Itz\u00e1<\/li>\n<li>Visita guiada de una hora y media al sitio arqueol\u00f3gico*<\/li>\n<li>Comida buffet<\/li>\n<li>Tarifa de entrada al cenote Xcajum<\/li>\n<li>Parada de 45 minutos en Valladolid*<\/li>\n<li>*Los tiempos son estimados.<\/li>\n<\/ul>\n<div class=\"vc_row wpb_row vc_inner vc_row-fluid\">\n<div class=\"wpb_column vc_column_container vc_col-sm-12\">\n<div class=\"vc_column-inner\">\n<div class=\"wpb_wrapper\">\n<div class=\"wpb_text_column wpb_content_element\">\n<div class=\"wpb_wrapper\">\n<h2>Con coste adicional:<\/h2>\n<p>Si alg\u00fan servicio es de tu inter\u00e9s pregunta a nuestros asesores de chat<\/p>\n<p><span style=\"font-size: 16px\">Servicios de fotograf\u00eda o v\u00eddeo<\/span><\/p>\n<\/div>\n<\/div>\n<\/div>\n<\/div>\n<\/div>\n<\/div>\n<div class=\"vc_row wpb_row vc_inner vc_row-fluid md-row-tour-description-desk\">\n<div class=\"wpb_column vc_column_container vc_col-sm-6\">\n<div class=\"vc_column-inner\">\n<div class=\"wpb_wrapper\">\n<div class=\"wpb_text_column wpb_content_element class=&quot;md-ul-white-fix&quot;\">\n<div class=\"wpb_wrapper\">\n<p>Toallas en el cenote<\/p>\n<p>S\u00e1ndwiches, ni bebidas, ni ning\u00fan tipo de comida en el parque fuera de las incluidas en las comidas del buffet.<\/p>\n<p>Otras actividades en Chich\u00e9n Itz\u00e1, ni en Valladolid<\/p>\n<\/div>\n<\/div>\n<\/div>\n<\/div>\n<\/div>\n<div class=\"wpb_column vc_column_container vc_col-sm-6\">\n<div class=\"vc_column-inner\">\n<div class=\"wpb_wrapper\">\n<div class=\"wpb_text_column wpb_content_element class=&quot;md-ul-white-fix&quot;\">\n<div class=\"wpb_wrapper\">\n<p>Propinas<\/p>\n<p>Ni souvenirs, ni artesan\u00edas, ni ropa<\/p>\n<p>Cualquier otro producto o servicio no mencionado en la lista de inclusiones<\/p>\n<\/div>\n<\/div>\n<\/div>\n<\/div>\n<\/div>\n<\/div>\n<\/div>\n<\/div>\n<\/div>\n<\/div>\n<\/div>\n<div class=\"wpb_column vc_column_container vc_col-sm-6\">\n<div class=\"vc_column-inner\">\n<div class=\"wpb_wrapper\">\n<div class=\"wpb_text_column wpb_content_element\">\n<div class=\"wpb_wrapper\">\n<div class=\"vc_row wpb_row vc_inner vc_row-fluid\">\n<div class=\"wpb_column vc_column_container vc_col-sm-12\">\n<div class=\"vc_column-inner\">\n<div class=\"wpb_wrapper\">\n<div class=\"wpb_text_column wpb_content_element\">\n<div class=\"wpb_wrapper\">\n<h2>Inf\u00f3rmese antes de reservar:<\/h2>\n<\/div>\n<\/div>\n<\/div>\n<\/div>\n<\/div>\n<\/div>\n<div class=\"vc_row wpb_row vc_inner vc_row-fluid\">\n<div class=\"wpb_column vc_column_container vc_col-sm-6\">\n<div class=\"vc_column-inner\">\n<div class=\"wpb_wrapper\">\n<div class=\"wpb_text_column wpb_content_element class=&quot;md-ul-white-fix&quot;\">\n<div class=\"wpb_wrapper\">\n<p>Tenemos salidas diarias a Chich\u00e9n Itz\u00e1<\/p>\n<p>El horario de recogida comienza entre las 06:45 am y las 07:30 am dependiendo de la ubicaci\u00f3n de su hotel o punto de encuentro.<\/p>\n<p>El recorrido comienza a las 11:15 am*<\/p>\n<p>Haremos una parada de 45 minutos en Valladolid*<\/p>\n<p>La visita guiada a Chich\u00e9n Itz\u00e1 tiene una duraci\u00f3n de una hora y media*<\/p>\n<p>Visita al Cenote Xcajum para nadar y disfrutar de la comida buffet tiene una duraci\u00f3n aproximada de 3 horas*<\/p>\n<p>La hora de regreso a Canc\u00fan es a las 9:00 pm*<\/p>\n<\/div>\n<\/div>\n<\/div>\n<\/div>\n<\/div>\n<div class=\"wpb_column vc_column_container vc_col-sm-6\">\n<div class=\"vc_column-inner\">\n<div class=\"wpb_wrapper\">\n<div class=\"wpb_text_column wpb_content_element class=&quot;md-ul-white-fix&quot;\">\n<div class=\"wpb_wrapper\">\n<p>Por favor llame al n\u00famero indicado en nuestra p\u00e1gina de inicio para resolver cualquier duda o inquietud.<\/p>\n<p>La hora exacta y el lugar de recogida del transporte se enviar\u00e1n por correo electr\u00f3nico al finalizar el proceso de reserva.<\/p>\n<p>Las tarifas para ni\u00f1os son v\u00e1lidas para ni\u00f1os entre 4 y 11 a\u00f1os.<\/p>\n<p>Los ni\u00f1os de hasta tres a\u00f1os no pagan<\/p>\n<p>Los ni\u00f1os que midan m\u00e1s de 1,40 m pero menos de 12 a\u00f1os deber\u00e1n presentar una identificaci\u00f3n con fotograf\u00eda v\u00e1lida para corroborar su edad.<\/p>\n<p>*Los tiempos son estimados.<\/p>\n<div class=\"vc_row wpb_row vc_inner vc_row-fluid\">\n<div class=\"wpb_column vc_column_container vc_col-sm-12\">\n<div class=\"vc_column-inner\">\n<div class=\"wpb_wrapper\">\n<div class=\"wpb_text_column wpb_content_element\">\n<div class=\"wpb_wrapper\">\n<h2>Recomendaciones:<\/h2>\n<\/div>\n<\/div>\n<\/div>\n<\/div>\n<\/div>\n<\/div>\n<div class=\"vc_row wpb_row vc_inner vc_row-fluid\">\n<div class=\"wpb_column vc_column_container vc_col-sm-6\">\n<div class=\"vc_column-inner\">\n<div class=\"wpb_wrapper\">\n<div class=\"wpb_text_column wpb_content_element\">\n<div class=\"wpb_wrapper\">\n<ul class=\"md-ul-white-fix\">\n<li>Lleva contigo cierta cantidad de efectivo para productos y servicios no incluidos en el paquete.<\/li>\n<li>Evite llevar mochilas o bolsos pesados o voluminosos<\/li>\n<li>Use ropa y zapatos c\u00f3modos, as\u00ed como gafas de sol.<\/li>\n<li>Trae una gorra o sombrero fresco para protegerte del sol.<\/li>\n<li>Recuerda utilizar protector solar biodegradable<\/li>\n<li>Traer toalla y traje de ba\u00f1o.<\/li>\n<li>Traer zapatos para el agua<\/li>\n<li>Si padece alg\u00fan problema de salud o discapacidad f\u00edsica, por favor p\u00f3ngase en contacto con nosotros antes de reservar para que podamos asesorarle al respecto.<\/li>\n<\/ul>\n<\/div>\n<\/div>\n<\/div>\n<\/div>\n<\/div>\n<\/div>\n<\/div>\n<\/div>\n<\/div>\n<\/div>\n<\/div>\n<\/div>\n<\/div>\n<\/div>\n<\/div>\n<\/div>\n<\/div>\n<\/div>\n<\/div>\n<\/div>","protected":false},"excerpt":{"rendered":"<h2 class=\"vc_custom_heading\">Qu\u00e9 puedes esperar<\/h2>\n<div class=\"wpb_text_column wpb_content_element\">\n<div class=\"wpb_wrapper\">\n<p>\u00a1No puedes visitar Canc\u00fan sin explorar Chich\u00e9n Itz\u00e1! Chich\u00e9n Itz\u00e1, una de las nuevas Siete Maravillas del Mundo, es un tour imprescindible a las ruinas mayas. Nuestro tour Chich\u00e9n Itz\u00e1 PLUS te lleva en una excursi\u00f3n de un d\u00eda sin estr\u00e9s desde Canc\u00fan con todo lo necesario para disfrutar de un d\u00eda perfecto en Yucat\u00e1n.<\/p>\n<p>Ser\u00e1s uno de los privilegiados al disfrutar de un recorrido y una visita sin multitudes en Chich\u00e9n Itz\u00e1. Podr\u00e1s disfrutar de una visita guiada con un experto biling\u00fce y aprender todo sobre esta incre\u00edble civilizaci\u00f3n y su impacto en el mundo. Descubrir\u00e1s rincones ocultos de Chich\u00e9n Itz\u00e1 que simplemente no ver\u00e1s en un tour tradicional. Una hora y media en el sitio.<\/p>\n<p>\u00a1El tour Chich\u00e9n Itz\u00e1 Plus incluye bebidas ilimitadas a bordo!<\/p>\n<p>Antes de conocer las ruinas mayas, haremos una visita de 45 minutos a la ciudad colonial de Valladolid (Pueblo M\u00e1gico de M\u00e9xico). Podr\u00e1s chapotear y refrescarte en el cenote Xcajum todo lo que desees y disfrutar de un delicioso almuerzo buffet con especialidades regionales.<\/p>\n<\/div>\n<\/div>","protected":false},"featured_media":7942,"comment_status":"open","ping_status":"closed","template":"","meta":{"_surecart_dashboard_logo_width":"180px","_surecart_dashboard_show_logo":true,"_surecart_dashboard_navigation_orders":true,"_surecart_dashboard_navigation_invoices":true,"_surecart_dashboard_navigation_subscriptions":true,"_surecart_dashboard_navigation_downloads":true,"_surecart_dashboard_navigation_billing":true,"_surecart_dashboard_navigation_account":true,"site-sidebar-layout":"default","site-content-layout":"default","ast-site-content-layout":"default","site-content-style":"default","site-sidebar-style":"default","ast-global-header-display":"","ast-banner-title-visibility":"","ast-main-header-display":"","ast-hfb-above-header-display":"","ast-hfb-below-header-display":"","ast-hfb-mobile-header-display":"","site-post-title":"","ast-breadcrumbs-content":"","ast-featured-img":"","footer-sml-layout":"","theme-transparent-header-meta":"default","adv-header-id-meta":"","stick-header-meta":"","header-above-stick-meta":"","header-main-stick-meta":"","header-below-stick-meta":"","astra-migrate-meta-layouts":"default","ast-page-background-enabled":"default","ast-page-background-meta":{"desktop":{"background-color":"var(--ast-global-color-4)","background-image":"","background-repeat":"repeat","background-position":"center center","background-size":"auto","background-attachment":"scroll","background-type":"","background-media":"","overlay-type":"","overlay-color":"","overlay-opacity":"","overlay-gradient":""},"tablet":{"background-color":"","background-image":"","background-repeat":"repeat","background-position":"center center","background-size":"auto","background-attachment":"scroll","background-type":"","background-media":"","overlay-type":"","overlay-color":"","overlay-opacity":"","overlay-gradient":""},"mobile":{"background-color":"","background-image":"","background-repeat":"repeat","background-position":"center center","background-size":"auto","background-attachment":"scroll","background-type":"","background-media":"","overlay-type":"","overlay-color":"","overlay-opacity":"","overlay-gradient":""}},"ast-content-background-meta":{"desktop":{"background-color":"var(--ast-global-color-5)","background-image":"","background-repeat":"repeat","background-position":"center center","background-size":"auto","background-attachment":"scroll","background-type":"","background-media":"","overlay-type":"","overlay-color":"","overlay-opacity":"","overlay-gradient":""},"tablet":{"background-color":"var(--ast-global-color-5)","background-image":"","background-repeat":"repeat","background-position":"center center","background-size":"auto","background-attachment":"scroll","background-type":"","background-media":"","overlay-type":"","overlay-color":"","overlay-opacity":"","overlay-gradient":""},"mobile":{"background-color":"var(--ast-global-color-5)","background-image":"","background-repeat":"repeat","background-position":"center center","background-size":"auto","background-attachment":"scroll","background-type":"","background-media":"","overlay-type":"","overlay-color":"","overlay-opacity":"","overlay-gradient":""}}},"product_brand":[],"product_cat":[15],"product_tag":[],"class_list":{"0":"post-7919","1":"product","2":"type-product","3":"status-publish","4":"has-post-thumbnail","6":"product_cat-uncategorized","7":"desktop-align-left","8":"tablet-align-left","9":"mobile-align-left","11":"first","12":"instock","13":"sale","14":"taxable","15":"shipping-taxable","16":"purchasable","17":"product-type-simple"},"_links":{"self":[{"href":"https:\/\/capatoursrespaldo.estrategas.link\/es\/wp-json\/wp\/v2\/product\/7919","targetHints":{"allow":["GET"]}}],"collection":[{"href":"https:\/\/capatoursrespaldo.estrategas.link\/es\/wp-json\/wp\/v2\/product"}],"about":[{"href":"https:\/\/capatoursrespaldo.estrategas.link\/es\/wp-json\/wp\/v2\/types\/product"}],"replies":[{"embeddable":true,"href":"https:\/\/capatoursrespaldo.estrategas.link\/es\/wp-json\/wp\/v2\/comments?post=7919"}],"wp:featuredmedia":[{"embeddable":true,"href":"https:\/\/capatoursrespaldo.estrategas.link\/es\/wp-json\/wp\/v2\/media\/7942"}],"wp:attachment":[{"href":"https:\/\/capatoursrespaldo.estrategas.link\/es\/wp-json\/wp\/v2\/media?parent=7919"}],"wp:term":[{"taxonomy":"product_brand","embeddable":true,"href":"https:\/\/capatoursrespaldo.estrategas.link\/es\/wp-json\/wp\/v2\/product_brand?post=7919"},{"taxonomy":"product_cat","embeddable":true,"href":"https:\/\/capatoursrespaldo.estrategas.link\/es\/wp-json\/wp\/v2\/product_cat?post=7919"},{"taxonomy":"product_tag","embeddable":true,"href":"https:\/\/capatoursrespaldo.estrategas.link\/es\/wp-json\/wp\/v2\/product_tag?post=7919"}],"curies":[{"name":"wp","href":"https:\/\/api.w.org\/{rel}","templated":true}]}}